{"id":16,"date":"2014-12-31T18:23:49","date_gmt":"2014-12-31T17:23:49","guid":{"rendered":"http:\/\/afeenit.fr\/cms\/?page_id=16"},"modified":"2015-02-12T21:00:22","modified_gmt":"2015-02-12T20:00:22","slug":"contact","status":"publish","type":"page","link":"https:\/\/afeenit.fr\/cms\/contact\/","title":{"rendered":"Contact"},"content":{"rendered":"<p>Plusieurs moyens sont mis \u00e0 votre disposition si vous souhaitez nous contacter<\/p>\n<blockquote>\n<p style=\"text-align: left;\"><div class=\"ffs-sep\" id=\"ffs-sep-29\" style=\"border-bottom:1px solid #ebebeb;  height:10px; \"><\/div><div class=\"clearfix\"><\/div><em> P<\/em><a href=\"http:\/\/afeenit.fr\/cms\/wp-content\/uploads\/2014\/12\/Crystal_Clear_app_linphone.png\"><img loading=\"lazy\" decoding=\"async\" class=\"  alignleft wp-image-86\" src=\"http:\/\/afeenit.fr\/cms\/wp-content\/uploads\/2014\/12\/Crystal_Clear_app_linphone.png\" alt=\"Crystal_Clear_app_linphone\" width=\"40\" height=\"40\" \/><\/a><em>ar t\u00e9l\u00e9phone au\u00a0<\/em> <strong>05 86 92 00 02<\/strong><strong><br \/>\n<\/strong><\/p>\n<p><em><div class=\"ffs-sep\" id=\"ffs-sep-96\" style=\"border-bottom:1px solid #ebebeb;  height:10px; \"><\/div><div class=\"clearfix\"><\/div> <a href=\"http:\/\/afeenit.fr\/cms\/wp-content\/uploads\/2014\/12\/Crystal_Clear_app_email.png\"><img loading=\"lazy\" decoding=\"async\" class=\"  wp-image-91 alignleft\" src=\"http:\/\/afeenit.fr\/cms\/wp-content\/uploads\/2014\/12\/Crystal_Clear_app_email.png\" alt=\"Crystal_Clear_app_email\" width=\"40\" height=\"40\" \/><\/a>Par mail \u00e0\u00a0<\/em> <strong>contact@afeenit.fr<\/strong><\/p>\n<p><em><div class=\"ffs-sep\" id=\"ffs-sep-16\" style=\"border-bottom:1px solid #ebebeb;  height:10px; \"><\/div><div class=\"clearfix\"><\/div> <a href=\"http:\/\/afeenit.fr\/cms\/wp-content\/uploads\/2014\/12\/Crystal_Clear_app_kedit.png\"><img loading=\"lazy\" decoding=\"async\" class=\"  wp-image-90 alignleft\" src=\"http:\/\/afeenit.fr\/cms\/wp-content\/uploads\/2014\/12\/Crystal_Clear_app_kedit.png\" alt=\"Crystal_Clear_app_kedit\" width=\"40\" height=\"40\" \/><\/a>ou en utilisant le <\/em><strong>formulaire<\/strong><em> ci apr\u00e8s<\/em><\/p><\/blockquote>\n\n\n<!-- Fast Secure Contact Form plugin 4.0.50 - begin - FastSecureContactForm.com -->\r\n<div style=\"clear:both;\"><\/div>\n<p>Vos commentaires ou questions sont bienvenues.<\/p>\r\n<div id=\"FSContact1\" style=\"width:99%; max-width:555px;\">\r\n<form action=\"https:\/\/afeenit.fr\/cms\/wp-json\/wp\/v2\/pages\/16#FSContact1\" id=\"fscf_form1\" method=\"post\">\r\n<fieldset id=\"fscf_form_fieldset1\" style=\"border:1px solid black; width:99%; max-width:550px; padding:10px;\">\n<legend>Formulaire de contact<\/legend>\n\n<div id=\"fscf_required1\">\n  <span style=\"text-align:left;\">*<\/span> <span style=\"text-align:left;\">indique un champ requis<\/span>\n<\/div>\n\n\n<div id=\"fscf_div_clear1_0\" style=\"clear:both;\">\n  <div id=\"fscf_div_field1_0\" style=\"clear:left; float:left; width:99%; max-width:550px; margin-right:10px;\">\r\n    <div style=\"text-align:left; padding-top:5px;\">\n      <label style=\"text-align:left;\" for=\"fscf_name1\">Nom<span style=\"text-align:left;\">*<\/span><\/label>\n    <\/div>\r\n    <div style=\"text-align:left;\">\r\n      <input style=\"text-align:left; margin:0; width:99%; max-width:250px;\" type=\"text\" id=\"fscf_name1\" name=\"full_name\" value=\"\"  \/>\r\n    <\/div>\r\n  <\/div>\n<\/div>\n\n<div id=\"fscf_div_clear1_1\" style=\"clear:both;\">\n  <div id=\"fscf_div_field1_1\" style=\"clear:left; float:left; width:99%; max-width:550px; margin-right:10px;\">\n    <div style=\"text-align:left; padding-top:5px;\">\n      <label style=\"text-align:left;\" for=\"fscf_email1\">Courriel<span style=\"text-align:left;\">*<\/span><\/label>\n    <\/div>\n    <div style=\"text-align:left;\">\n      <input style=\"text-align:left; margin:0; width:99%; max-width:250px;\" type=\"text\" id=\"fscf_email1\" name=\"email\" value=\"\"  \/>\n    <\/div>\n  <\/div>\n<\/div>\n\n<div id=\"fscf_div_clear1_2\" style=\"clear:both;\">\n  <div id=\"fscf_div_field1_2\" style=\"clear:left; float:left; width:99%; max-width:550px; margin-right:10px;\">\n    <div style=\"text-align:left; padding-top:5px;\">\n      <label style=\"text-align:left;\" for=\"fscf_field1_2\">Sujet<span style=\"text-align:left;\">*<\/span><\/label>\n    <\/div>\n    <div style=\"text-align:left;\">\n      <input style=\"text-align:left; margin:0; width:99%; max-width:250px;\" type=\"text\" id=\"fscf_field1_2\" name=\"subject\" value=\"\"  \/>\n    <\/div>\n  <\/div>\n<\/div>\n\n<div id=\"fscf_div_clear1_3\" style=\"clear:both;\">\n  <div id=\"fscf_div_field1_3\" style=\"clear:left; float:left; width:99%; max-width:550px; margin-right:10px;\">\n    <div style=\"text-align:left; padding-top:5px;\">\n      <label style=\"text-align:left;\" for=\"fscf_field1_3\">Message<span style=\"text-align:left;\">*<\/span><\/label>\n    <\/div>\n    <div style=\"text-align:left;\">\n      <textarea style=\"text-align:left; margin:0; width:99%; max-width:250px; height:120px;\" id=\"fscf_field1_3\" name=\"message\" cols=\"30\" rows=\"10\" ><\/textarea>\n    <\/div>\n  <\/div>\n<\/div>\r\n<div style=\"clear:both;\"><\/div>\n\n<div style=\"text-align:left; padding-top:5px;\">\n<\/div>\n<div id=\"fscf_captcha_image_div1\" style=\"width:250px; height:65px; padding-top:2px;\">\n      <img loading=\"lazy\" decoding=\"async\" id=\"fscf_captcha_image1\" style=\"border-style:none; margin:0; padding:0px; padding-right:5px; float:left;\" src=\"https:\/\/afeenit.fr\/wp-content\/plugins\/si-contact-form\/captcha\/securimage_show.php?prefix=mAsB52ennROgiOxr\" width=\"175\" height=\"60\" alt=\"Code Anti-spam\" title=\"Code Anti-spam\" \/>\n      <input id=\"fscf_captcha_prefix1\" type=\"hidden\" name=\"fscf_captcha_prefix1\" value=\"mAsB52ennROgiOxr\" \/>\n     <div id=\"fscf_captcha_refresh1\">\n        <a href=\"#\" rel=\"nofollow\" title=\"Rafra\u00eechir\" onclick=\"fscf_captcha_refresh('1','\/wp-content\/plugins\/si-contact-form\/captcha','https:\/\/afeenit.fr\/wp-content\/plugins\/si-contact-form\/captcha\/securimage_show.php?prefix='); return false;\">\n        <img loading=\"lazy\" decoding=\"async\" src=\"https:\/\/afeenit.fr\/wp-content\/plugins\/si-contact-form\/captcha\/images\/refresh.png\" width=\"22\" height=\"20\" alt=\"Rafra\u00eechir\" style=\"border-style:none; margin:0; padding:0px; vertical-align:bottom;\" onclick=\"this.blur();\" \/><\/a>\r\n     <\/div>\r\n<\/div>\r\n\r\n<div id=\"fscf_captcha_field1\" style=\"text-align:left; padding-top:5px;\">\r\n     <label style=\"text-align:left;\" for=\"fscf_captcha_code1\">Code Anti-spam<span style=\"text-align:left;\">*<\/span><\/label>\r\n<\/div>\r\n<div style=\"text-align:left;\">\n     <input style=\"text-align:left; margin:0; width:50px;\" type=\"text\" value=\"\" autocomplete=\"off\" id=\"fscf_captcha_code1\" name=\"captcha_code\"  \/>\n<\/div>\n\n<div id=\"fscf_submit_div1\" style=\"text-align:left; clear:both; padding-top:15px;\">\r\n\t\t<input type=\"submit\" id=\"fscf_submit1\" style=\"cursor:pointer; margin:0;\" value=\"Envoyer\"  onclick=\"this.disabled=true; this.value='Soumis...'; this.form.submit();\" \/> \n<\/div>\n<\/fieldset>\n\n<input type=\"hidden\" name=\"fscf_submitted\" value=\"0\" \/>\n<input type=\"hidden\" name=\"fs_postonce_1\" value=\"ce08251f6b5f27077c2a45edbb7c28cd,1776602533\" \/>\n<input type=\"hidden\" name=\"si_contact_action\" value=\"send\" \/>\n<input type=\"hidden\" name=\"form_id\" value=\"1\" \/>\n<input type=\"hidden\" name=\"mailto_id\" value=\"1\" \/>\n\n<\/form>\n<\/div>\r\n<div style=\"clear:both;\"><\/div>\n\n<!-- Fast Secure Contact Form plugin 4.0.50 - end - FastSecureContactForm.com -->\n\n","protected":false},"excerpt":{"rendered":"<p>Plusieurs moyens sont mis \u00e0 votre disposition si vous souhaitez nous contacter Par t\u00e9l\u00e9phone au\u00a0 05 86 92 00 02 Par mail \u00e0\u00a0 contact@afeenit.fr ou en utilisant le formulaire ci [&hellip;]<\/p>\n","protected":false},"author":1,"featured_media":0,"parent":0,"menu_order":2,"comment_status":"closed","ping_status":"closed","template":"page-afeenit.php","meta":{"footnotes":""},"class_list":["post-16","page","type-page","status-publish","hentry"],"_links":{"self":[{"href":"https:\/\/afeenit.fr\/cms\/wp-json\/wp\/v2\/pages\/16","targetHints":{"allow":["GET"]}}],"collection":[{"href":"https:\/\/afeenit.fr\/cms\/wp-json\/wp\/v2\/pages"}],"about":[{"href":"https:\/\/afeenit.fr\/cms\/wp-json\/wp\/v2\/types\/page"}],"author":[{"embeddable":true,"href":"https:\/\/afeenit.fr\/cms\/wp-json\/wp\/v2\/users\/1"}],"replies":[{"embeddable":true,"href":"https:\/\/afeenit.fr\/cms\/wp-json\/wp\/v2\/comments?post=16"}],"version-history":[{"count":17,"href":"https:\/\/afeenit.fr\/cms\/wp-json\/wp\/v2\/pages\/16\/revisions"}],"predecessor-version":[{"id":157,"href":"https:\/\/afeenit.fr\/cms\/wp-json\/wp\/v2\/pages\/16\/revisions\/157"}],"wp:attachment":[{"href":"https:\/\/afeenit.fr\/cms\/wp-json\/wp\/v2\/media?parent=16"}],"curies":[{"name":"wp","href":"https:\/\/api.w.org\/{rel}","templated":true}]}}